{"id":496,"date":"2019-04-17T13:09:27","date_gmt":"2019-04-17T11:09:27","guid":{"rendered":"https:\/\/www.vinimarocchesa.it\/?page_id=496"},"modified":"2019-04-17T14:39:09","modified_gmt":"2019-04-17T12:39:09","slug":"cookie-policy","status":"publish","type":"page","link":"https:\/\/www.vinimarocchesa.it\/en\/cookie-policy\/","title":{"rendered":"Cookie Policy"},"content":{"rendered":"<h3 style=\"text-align: center;\">INFORMATIVA SUI COOKIE<\/h3>\n<p>Il sito web WWW.VINIMAROCCHESA.IT\u00a0 (in seguito, \u201cSito\u201d) fa uso di cookie. Di seguito potrai trovare maggiori informazioni in merito ai cookie, a come vengono utilizzati nel nostro sito e a quali procedure di controllo adottiamo rispetto ai cookie stessi. Proseguendo nella navigazione nel nostro sito web dopo aver letto il nostro banner, acconsenti all\u2019utilizzo dei cookie, in conformit\u00e0 con la presente informativa. Se tu non sei d\u2019accordo all\u2019utilizzo dei cookie, ti invitiamo a disabilitarli seguendo le istruzioni di seguito riportate nella presente informativa.<\/p>\n<h4>1. Che cosa sono i cookie?<\/h4>\n<p>I cookie sono piccoli files di testo che vengono inviati sul Tuo dispositivo elettronico (PC, tablet, ecc..) durante la navigazione in un sito web. I cookie vengono poi rinviati al sito web di origine nel corso di ogni successiva navigazione, oppure vengono inviati ad un diverso sito web che sia in grado di riconoscere quello specifico cookie. I cookie agiscono come una memoria per un sito web, consentendo che il sito web riconosca il Tuo device ad ogni Tua visita successiva a quel medesimo sito. I cookie consentono inoltre di memorizzare le Tue preferenze di navigazione offrendoti un\u2019esperienza pi\u00f9 funzionale del sito, e rendendo il contenuto del sito il pi\u00f9 personalizzato possibile. Potrai trovare maggiori informazioni sui cookie, incluso come \u00e8 possibile capire che cosa i cookie abbiano impostato sul tuo device, e come \u00e8 possibile gestirli ed eliminarli, accedendo al seguente link www.aboutcookies.org<\/p>\n<h4>2. Tipologie di cookie<\/h4>\n<p>I cookies possono essere tecnici, analitici e di marketing &#8211; profilazione.<\/p>\n<p>Il Sito utilizza cookies tecnici \u201cdi sessione\u201d e persistenti proprietari. L\u2019elenco dei cookies tecnici \u00e8 visibile presso la sede del Titolare.<\/p>\n<h6>WordPress CMS<\/h6>\n<p>I cookie generati da questo CMS servono esclusivamente alla gestione e al mantenimento dello stesso. I cookie in questione vengono generati per garantire la buona sessione di navigazione dell\u2019utente, oppure per gestire il sistema di login del Sito, in modo da evitare attacchi web e garantire una maggiore sicurezza all\u2019utente. Rimane fermo che suddetti cookie saranno eliminati nel momento in cui l\u2019utente abbandona il sito e quindi nessun dato viene mantenuto all\u2019interno del sito.<br \/>\nIn assenza di tali cookie, il sito web non potrebbe funzionare correttamente.<\/p>\n<h6>Altre tipologie di Cookie o strumenti terzi che potrebbero installarne.<\/h6>\n<p>Alcuni dei servizi elencati di seguito raccolgono statistiche in forma aggregata ed anonima e potrebbero non richiedere il consenso dell&#8217;Utente o potrebbero essere gestiti direttamente dal Titolare \u2013 a seconda di quanto descritto \u2013 senza l&#8217;ausilio di terzi.<br \/>\nQualora fra gli strumenti indicati in seguito fossero presenti servizi gestiti da terzi, questi potrebbero \u2013 in aggiunta a quanto specificato ed anche all\u2019insaputa del Titolare \u2013 compiere attivit\u00e0 di tracciamento dell\u2019Utente. Per informazioni dettagliate in merito, si consiglia di consultare le privacy policy dei servizi elencati.<\/p>\n<h6>Google Fonts (Google Inc.)<\/h6>\n<p>Google Fonts \u00e8 un servizio di visualizzazione di stili di carattere gestito da Google Inc. che permette a questo sito web di integrare tali contenuti all\u2019interno delle proprie pagine.<br \/>\nDati personali raccolti: Cookie e Dati di utilizzo.<br \/>\nLuogo del trattamento : USA \u2013\u00a0<a href=\"http:\/\/www.google.it\/intl\/en\/policies\/privacy\/\" target=\"_blank\" rel=\"noopener\">Privacy Policy<\/a><\/p>\n<h6>Widget Google Maps (Google Inc.)<\/h6>\n<p>Google Maps \u00e8 un servizio di visualizzazione di mappe gestito da Google Inc. che permette a questo sito web di integrare tali contenuti all\u2019interno delle proprie pagine.<br \/>\nDati personali raccolti: Cookie e Dati di utilizzo.<br \/>\nLuogo del trattamento : USA \u2013\u00a0<a href=\"http:\/\/www.google.it\/intl\/it\/policies\/privacy\/\" target=\"_blank\" rel=\"noopener\">Privacy Policy<\/a><\/p>\n<h5>Statistica<\/h5>\n<p>I servizi contenuti nella presente sezione permettono al Titolare del Trattamento di monitorare e analizzare i dati di traffico e servono a tener traccia del comportamento dell\u2019Utente.<\/p>\n<h6>Google Analytics<\/h6>\n<p>un servizio di analisi Web fornito da Google, Inc. (in seguito, \u201cGoogle\u201d) Google Analytics usa dei cookie che aiutano nell\u2019analisi di utilizzo del Sito da parte di altri utenti. Le informazioni generate dai cookies saranno cedute a Google che le custodir\u00e0 nei propri server negli USA. Google elaborer\u00e0 queste informazioni per nostro conto, al fine di valutare l\u2019utilizzo che Tu fai del nostro sito Web, creando dei report aggregati e anonimi relativi alle attivit\u00e0 da Te effettuate sul Sito e fornendo altri servizi connessi a queste attivit\u00e0. Eventualmente Google trasmetter\u00e0 queste informazioni a terzi, a condizione che questo sia prescritto per legge o nella misura in cui questi soggetti terzi utilizzino questi dati per conto di Google. Tuttavia in nessun caso Google collegher\u00e0 il Tuo indirizzo IP con altri dati di Google. E\u2019 possibile impedire l\u2019utilizzo dei cookies, modificando le impostazioni del Tuo browser, tenendo presente che in tal caso, potresti per\u00f2 non essere pi\u00f9 in grado di utilizzare tutte le funzionalit\u00e0 del sito Web. Attraverso l\u2019utilizzo del Sito esprimi il Tuo consenso all\u2019elaborazione dei Tuoi dati da parte di Google nel modo sopra descritto e per il suddetto scopo. Per maggiori informazioni http:\/\/www.google.com\/analytics\/terms\/it.html<\/p>\n<p>Puoi inoltre impedire a Google il rilevamento dei dati generati dai cookie sull\u2019utilizzo del Sito, nonch\u00e9 l\u2019elaborazione di tali dati, scaricando e installando il plug-in browser disponibile al seguente link: https:\/\/tools.google.com\/dlpage\/gaoptout?hl=it<\/p>\n<p>Il Sito adotta strumenti che riducono il potere identificativo dei cookies, come \u201cgat._anonymizelp();\u201d per garantire l\u2019anonimizzazione degli indirizzi IP (c.d. \u201cIP-masking\u201d).<\/p>\n<p>Il Sito non utilizza cookies di profilazione e\/o marketing.<\/p>\n<h4>3. Finalit\u00e0<\/h4>\n<p>I cookies tecnici usati dal nostro Sito servono a effettuare e facilitare la tua navigazione, a fornirti e a permetterti di fruire dei servizi del Sito. Ti consentono, in un secondo accesso, di non dover ad esempio inserire nuovamente dati come la username per il login o non dover ancora acconsentire o meno la cookie policy.<\/p>\n<p>I cookies analitici servono ad analizzare e monitorare il modo in cui utilizzi il Sito (ad es. n. accessi e pagine viste), al fine di permetterci di apportare modifiche migliorative al Sito in termini di funzionamento e navigazione.<\/p>\n<h4>4. Come controllare ed eliminare i cookie<\/h4>\n<p>Puoi autorizzare l\u2019utilizzo dei cookies proseguendo nella navigazione sul Sito, dopo aver letto il Banner. Puoi non autorizzare l\u2019utilizzo di cookie o comunque disattivarli in ogni momento procedendo manualmente alla modificazione della configurazione del Tuo browser e, per i cookie di Google, seguendo le istruzioni contenute nelle policies: https:\/\/www.google.it\/policies\/privacy\/partners\/ ; https:\/\/tools.google.com\/dlpage\/gaoptout<\/p>\n<p>Per fare in modo che il tuo browser rigetti i cookie, fai riferimento alle istruzioni fornite dal provider del browser. Una guida maggiormente dettagliata pu\u00f2 essere trovata al sito web www.aboutcookies.org.<\/p>\n<p>Il conferimento dei dati \u00e8 facoltativo. Si fa tuttavia presente che il rifiuto\/disattivazione dei cookies potr\u00e0 impedire di utilizzare alcune funzionalit\u00e0 del Sito.<\/p>\n<p>Per informazioni su: Modalit\u00e0 del trattamento, Accesso ai dati, Comunicazione dei dati, Diritti dell\u2019interessato, Modalit\u00e0 di esercizio dei diritti, Titolare, responsabili e incaricati, leggi qui la nostra <a href=\"https:\/\/www.vinimarocchesa.it\/en\/privacy-policy\/\">Informativa Privacy.<\/a><\/p>\n<p>Contatti: Per qualunque informazione in merito alla presente informativa, contattaci al seguente indirizzo e-mail info@vinimarocchesa.it<\/p>\n<a href=\"#\" class=\"OpenCookiePreferences\">Clicca qui per modificare le tue preferenze<\/a>","protected":false},"excerpt":{"rendered":"<p>INFORMATIVA SUI COOKIE Il sito web WWW.VINIMAROCCHESA.IT\u00a0 (in seguito, \u201cSito\u201d) fa uso di cookie. Di seguito potrai trovare maggiori informazioni in merito ai cookie, a come vengono utilizzati nel nostro sito e a quali procedure di controllo adottiamo rispetto ai cookie stessi. Proseguendo nella navigazione nel nostro sito web dopo aver letto il nostro banner, acconsenti all\u2019utilizzo dei cookie, in&hellip;<\/p>","protected":false},"author":2,"featured_media":0,"parent":0,"menu_order":0,"comment_status":"closed","ping_status":"closed","template":"","meta":{"footnotes":""},"yoast_head":"<!-- This site is optimized with the Yoast SEO plugin v22.6 - https:\/\/yoast.com\/wordpress\/plugins\/seo\/ -->\n<title>Cookie Policy - Vini Marocchesa<\/title>\n<meta name=\"robots\" content=\"index, follow, max-snippet:-1, max-image-preview:large, max-video-preview:-1\" \/>\n<link rel=\"canonical\" href=\"https:\/\/www.vinimarocchesa.it\/en\/cookie-policy\/\" \/>\n<meta property=\"og:locale\" content=\"en_GB\" \/>\n<meta property=\"og:type\" content=\"article\" \/>\n<meta property=\"og:title\" content=\"Cookie Policy - Vini Marocchesa\" \/>\n<meta property=\"og:description\" content=\"INFORMATIVA SUI COOKIE Il sito web WWW.VINIMAROCCHESA.IT\u00a0 (in seguito, \u201cSito\u201d) fa uso di cookie. Di seguito potrai trovare maggiori informazioni in merito ai cookie, a come vengono utilizzati nel nostro sito e a quali procedure di controllo adottiamo rispetto ai cookie stessi. Proseguendo nella navigazione nel nostro sito web dopo aver letto il nostro banner, acconsenti all\u2019utilizzo dei cookie, in&hellip;\" \/>\n<meta property=\"og:url\" content=\"https:\/\/www.vinimarocchesa.it\/en\/cookie-policy\/\" \/>\n<meta property=\"og:site_name\" content=\"Vini Marocchesa\" \/>\n<meta property=\"article:modified_time\" content=\"2019-04-17T12:39:09+00:00\" \/>\n<meta name=\"twitter:card\" content=\"summary_large_image\" \/>\n<meta name=\"twitter:label1\" content=\"Estimated reading time\" \/>\n\t<meta name=\"twitter:data1\" content=\"6 minutes\" \/>\n<script type=\"application\/ld+json\" class=\"yoast-schema-graph\">{\"@context\":\"https:\/\/schema.org\",\"@graph\":[{\"@type\":\"WebPage\",\"@id\":\"https:\/\/www.vinimarocchesa.it\/cookie-policy\/\",\"url\":\"https:\/\/www.vinimarocchesa.it\/cookie-policy\/\",\"name\":\"Cookie Policy - Vini Marocchesa\",\"isPartOf\":{\"@id\":\"https:\/\/www.vinimarocchesa.it\/#website\"},\"datePublished\":\"2019-04-17T11:09:27+00:00\",\"dateModified\":\"2019-04-17T12:39:09+00:00\",\"breadcrumb\":{\"@id\":\"https:\/\/www.vinimarocchesa.it\/cookie-policy\/#breadcrumb\"},\"inLanguage\":\"en-GB\",\"potentialAction\":[{\"@type\":\"ReadAction\",\"target\":[\"https:\/\/www.vinimarocchesa.it\/cookie-policy\/\"]}]},{\"@type\":\"BreadcrumbList\",\"@id\":\"https:\/\/www.vinimarocchesa.it\/cookie-policy\/#breadcrumb\",\"itemListElement\":[{\"@type\":\"ListItem\",\"position\":1,\"name\":\"Home\",\"item\":\"https:\/\/www.vinimarocchesa.it\/\"},{\"@type\":\"ListItem\",\"position\":2,\"name\":\"Cookie Policy\"}]},{\"@type\":\"WebSite\",\"@id\":\"https:\/\/www.vinimarocchesa.it\/#website\",\"url\":\"https:\/\/www.vinimarocchesa.it\/\",\"name\":\"Vini Marocchesa\",\"description\":\"Luxury Wine from Veneto\",\"potentialAction\":[{\"@type\":\"SearchAction\",\"target\":{\"@type\":\"EntryPoint\",\"urlTemplate\":\"https:\/\/www.vinimarocchesa.it\/?s={search_term_string}\"},\"query-input\":\"required name=search_term_string\"}],\"inLanguage\":\"en-GB\"}]}<\/script>\n<!-- \/ Yoast SEO plugin. -->","yoast_head_json":{"title":"Cookie Policy - Vini Marocchesa","robots":{"index":"index","follow":"follow","max-snippet":"max-snippet:-1","max-image-preview":"max-image-preview:large","max-video-preview":"max-video-preview:-1"},"canonical":"https:\/\/www.vinimarocchesa.it\/en\/cookie-policy\/","og_locale":"en_GB","og_type":"article","og_title":"Cookie Policy - Vini Marocchesa","og_description":"INFORMATIVA SUI COOKIE Il sito web WWW.VINIMAROCCHESA.IT\u00a0 (in seguito, \u201cSito\u201d) fa uso di cookie. Di seguito potrai trovare maggiori informazioni in merito ai cookie, a come vengono utilizzati nel nostro sito e a quali procedure di controllo adottiamo rispetto ai cookie stessi. Proseguendo nella navigazione nel nostro sito web dopo aver letto il nostro banner, acconsenti all\u2019utilizzo dei cookie, in&hellip;","og_url":"https:\/\/www.vinimarocchesa.it\/en\/cookie-policy\/","og_site_name":"Vini Marocchesa","article_modified_time":"2019-04-17T12:39:09+00:00","twitter_card":"summary_large_image","twitter_misc":{"Estimated reading time":"6 minutes"},"schema":{"@context":"https:\/\/schema.org","@graph":[{"@type":"WebPage","@id":"https:\/\/www.vinimarocchesa.it\/cookie-policy\/","url":"https:\/\/www.vinimarocchesa.it\/cookie-policy\/","name":"Cookie Policy - Vini Marocchesa","isPartOf":{"@id":"https:\/\/www.vinimarocchesa.it\/#website"},"datePublished":"2019-04-17T11:09:27+00:00","dateModified":"2019-04-17T12:39:09+00:00","breadcrumb":{"@id":"https:\/\/www.vinimarocchesa.it\/cookie-policy\/#breadcrumb"},"inLanguage":"en-GB","potentialAction":[{"@type":"ReadAction","target":["https:\/\/www.vinimarocchesa.it\/cookie-policy\/"]}]},{"@type":"BreadcrumbList","@id":"https:\/\/www.vinimarocchesa.it\/cookie-policy\/#breadcrumb","itemListElement":[{"@type":"ListItem","position":1,"name":"Home","item":"https:\/\/www.vinimarocchesa.it\/"},{"@type":"ListItem","position":2,"name":"Cookie Policy"}]},{"@type":"WebSite","@id":"https:\/\/www.vinimarocchesa.it\/#website","url":"https:\/\/www.vinimarocchesa.it\/","name":"Vini Marocchesa","description":"Luxury Wine from Veneto","potentialAction":[{"@type":"SearchAction","target":{"@type":"EntryPoint","urlTemplate":"https:\/\/www.vinimarocchesa.it\/?s={search_term_string}"},"query-input":"required name=search_term_string"}],"inLanguage":"en-GB"}]}},"_links":{"self":[{"href":"https:\/\/www.vinimarocchesa.it\/en\/wp-json\/wp\/v2\/pages\/496"}],"collection":[{"href":"https:\/\/www.vinimarocchesa.it\/en\/wp-json\/wp\/v2\/pages"}],"about":[{"href":"https:\/\/www.vinimarocchesa.it\/en\/wp-json\/wp\/v2\/types\/page"}],"author":[{"embeddable":true,"href":"https:\/\/www.vinimarocchesa.it\/en\/wp-json\/wp\/v2\/users\/2"}],"replies":[{"embeddable":true,"href":"https:\/\/www.vinimarocchesa.it\/en\/wp-json\/wp\/v2\/comments?post=496"}],"version-history":[{"count":7,"href":"https:\/\/www.vinimarocchesa.it\/en\/wp-json\/wp\/v2\/pages\/496\/revisions"}],"predecessor-version":[{"id":505,"href":"https:\/\/www.vinimarocchesa.it\/en\/wp-json\/wp\/v2\/pages\/496\/revisions\/505"}],"wp:attachment":[{"href":"https:\/\/www.vinimarocchesa.it\/en\/wp-json\/wp\/v2\/media?parent=496"}],"curies":[{"name":"wp","href":"https:\/\/api.w.org\/{rel}","templated":true}]}}