{"id":3,"date":"2019-03-11T13:20:32","date_gmt":"2019-03-11T12:20:32","guid":{"rendered":"https:\/\/www.vinimarocchesa.it\/?page_id=3"},"modified":"2019-04-17T13:13:45","modified_gmt":"2019-04-17T11:13:45","slug":"privacy-policy","status":"publish","type":"page","link":"https:\/\/www.vinimarocchesa.it\/en\/privacy-policy\/","title":{"rendered":"Privacy Policy"},"content":{"rendered":"<h2 style=\"text-align: center;\">INFORMATIVA PER IL TRATTAMENTO DEI DATI PERSONALI<\/h2>\n<p><strong>SOCIETA\u2019 AGRICOLA MAROCCHESA SAS DI SCARAMUZZA ALESSIO &amp; C.<\/strong> con sede in via <strong>MAROCCHESA 49 MOGLIANO VENETO <\/strong>CF<strong> 03936740269<\/strong> e P.Iva <strong>03936740269<\/strong> (in seguito, \u201cTitolare\u201d), in qualit\u00e0 di titolare del trattamento, Ti informa ai sensi dell\u2019art. 13 Regolamento UE n. 2016\/679 (in seguito, \u201cGDPR\u201d) che i Tuoi dati saranno trattati con le modalit\u00e0 e per le finalit\u00e0 seguenti:<\/p>\n<h4>1. Oggetto del trattamento<\/h4>\n<p>Il Titolare tratta i dati personali, identificativi e non sensibili (in particolare, nome, cognome, codice fiscale, p. iva, email, numero telefonico \u2013 in seguito, \u201cdati personali\u201d o anche \u201cdati\u201d) da Te comunicati in fase di utilizzo del form Contatti del sito web del Titolare<\/p>\n<h4>2. Finalit\u00e0 del trattamento<\/h4>\n<p>I Tuoi dati personali sono trattati:<\/p>\n<p>A) solo previo Tuo specifico e distinto consenso (art. 7 GDPR), per le finalit\u00e0 di risposta a domande o richieste poste attraverso il Form Contatti del sito web del Titolare.<\/p>\n<h4>3. Modalit\u00e0 del trattamento<\/h4>\n<p>Il trattamento dei Tuoi dati personali \u00e8 realizzato per mezzo delle operazioni indicate all\u2019art. 4 n. 2) GDPR e precisamente: raccolta, registrazione, organizzazione, conservazione, consultazione, elaborazione, modificazione, selezione, estrazione, raffronto, utilizzo, interconnessione, blocco, comunicazione, cancellazione e distruzione dei dati. I Tuoi dati personali sono sottoposti a trattamento elettronico.<\/p>\n<p>Il Titolare tratter\u00e0 i dati personali per il tempo necessario per adempiere alle finalit\u00e0 di cui sopra e comunque per non oltre 2 anni per le finalit\u00e0 descritte al punto 2.<\/p>\n<h4>4. Accesso ai dati<\/h4>\n<p>I Tuoi dati potranno essere resi accessibili per le finalit\u00e0 di cui al punto 2:<\/p>\n<p>&#8211; a dipendenti e collaboratori del Titolare, nella loro qualit\u00e0 di incaricati e\/o responsabili interni del trattamento e\/o amministratori di sistema.<\/p>\n<h4>5. Comunicazione dei dati<\/h4>\n<p>Senza Tuo espresso consenso (art. 6 lett. b) e c) GDPR), il Titolare potr\u00e0 comunicare i Tuoi dati per le finalit\u00e0 di cui all\u2019art. 2.A) a Organismi di vigilanza, Autorit\u00e0 giudiziarie nonch\u00e9 a tutti gli altri soggetti ai quali la comunicazione sia obbligatoria per legge per l\u2019espletamento delle finalit\u00e0 dette. I Tuoi dati non saranno diffusi.<\/p>\n<h4>6. Trasferimento dati<\/h4>\n<p>La gestione e la conservazione dei dati personali avverr\u00e0 su server ubicati in Italia del Titolare e\/o di societ\u00e0 terze incaricate e debitamente nominate quali Responsabili del trattamento. Resta in ogni caso inteso che il Titolare, ove si rendesse necessario, avr\u00e0 facolt\u00e0 di spostare l\u2019ubicazione dei server in Italia e\/o Unione Europea e\/o Paesi extra-UE. In tal caso, il Titolare assicura sin d\u2019ora che il trasferimento dei dati extra-UE avverr\u00e0 in conformit\u00e0 alle disposizioni di legge applicabili stipulando, se necessario, accordi che garantiscano un livello di protezione adeguato e\/o adottando le clausole contrattuali standard previste dalla Commissione Europea.<\/p>\n<h4>7. Natura del conferimento dei dati e conseguenze del rifiuto di rispondere<\/h4>\n<p>Il conferimento dei dati per le finalit\u00e0 di cui al punto. 2 \u00e8 facoltativo. E\u2019 richiesto un consenso esplicito per ogni sezione del punto 2. Puoi quindi decidere di non conferire alcun dato o di negare successivamente la possibilit\u00e0 di trattare dati gi\u00e0 forniti: in tal caso, non potrai ricevere i servizi relativi alle sezioni A del punto 2.<\/p>\n<h4>8. Diritti dell\u2019interessato<\/h4>\n<p>Nella Tua qualit\u00e0 di interessato, hai i diritti di cui all\u2019art. 15 GDPR e precisamente i diritti di:<\/p>\n<p>i. ottenere la conferma dell\u2019esistenza o meno di dati personali che Ti riguardano, anche se non ancora registrati, e la loro comunicazione in forma intelligibile;<\/p>\n<p>ii. ottenere l\u2019indicazione: a) dell\u2019origine dei dati personali; b) delle finalit\u00e0 e modalit\u00e0 del trattamento; c) della logica applicata in caso di trattamento effettuato con l\u2019ausilio di strumenti elettronici; d) degli estremi identificativi del titolare, dei responsabili e del rappresentante designato ai sensi dell\u2019 art. 3, comma 1, GDPR; e) dei soggetti o delle categorie di soggetti ai quali i dati personali possono essere comunicati o che possono venirne a conoscenza in qualit\u00e0 di rappresentante designato nel territorio dello Stato, di responsabili o incaricati;<\/p>\n<p>iii. ottenere: a) l\u2019aggiornamento, la rettificazione ovvero, quando vi hai interesse, l\u2019integrazione dei dati; b) la cancellazione, la trasformazione in forma anonima o il blocco dei dati trattati in violazione di legge, compresi quelli di cui non \u00e8 necessaria la conservazione in relazione agli scopi per i quali i dati sono stati raccolti o successivamente trattati; c) l\u2019attestazione che le operazioni di cui alle lettere a) e b) sono state portate a conoscenza, anche per quanto riguarda il loro contenuto, di coloro ai quali i dati sono stati comunicati o diffusi, eccettuato il caso in cui tale adempimento si rivela impossibile o comporta un impiego di mezzi manifestamente sproporzionato rispetto al diritto tutelato;<\/p>\n<p>iv. opporsi, in tutto o in parte: a) per motivi legittimi al trattamento dei dati personali che Ti riguardano, ancorch\u00e9 pertinenti allo scopo della raccolta; b) al trattamento di dati personali che Ti riguardano a fini di invio di materiale pubblicitario o di vendita diretta o per il compimento di ricerche di mercato o di comunicazione commerciale, mediante l\u2019uso di sistemi automatizzati di chiamata senza l\u2019intervento di un operatore mediante email e\/o mediante modalit\u00e0 di marketing tradizionali mediante telefono e\/o posta cartacea. Si fa presente che il diritto di opposizione dell\u2019interessato, esposto al precedente punto b), per finalit\u00e0 di marketing diretto mediante modalit\u00e0 automatizzate si estende a quelle tradizionali e che comunque resta salva la possibilit\u00e0 per l\u2019interessato di esercitare il diritto di opposizione anche solo in parte. Pertanto, l\u2019interessato pu\u00f2 decidere di ricevere solo comunicazioni mediante modalit\u00e0 tradizionali ovvero solo comunicazioni automatizzate oppure nessuna delle due tipologie di comunicazione.<\/p>\n<p>Ove applicabili, hai altres\u00ec i diritti di cui agli artt. 16-21 GDPR (Diritto di rettifica, diritto all\u2019oblio, diritto di limitazione di trattamento, diritto alla portabilit\u00e0 dei dati, diritto di opposizione), nonch\u00e9 il diritto di reclamo all\u2019Autorit\u00e0 Garante.<\/p>\n<h4>9. Modalit\u00e0 di esercizio dei diritti<\/h4>\n<p>Potrai in qualsiasi momento esercitare i diritti inviando:<\/p>\n<p>\u2013 una e-mail all\u2019indirizzo info@vinimarocchesa.it<\/p>\n<h4>10. Minori<\/h4>\n<p>Questo Sito e i Servizi del Titolare non sono destinati a minori e il Titolare non raccoglie intenzionalmente informazioni personali riferite ai minori. Nel caso in cui informazioni su minori fossero involontariamente registrate, il Titolare le canceller\u00e0 in modo tempestivo, su richiesta degli utenti.<\/p>\n<h4>11. Titolare, responsabile e incaricati<\/h4>\n<p>Il Titolare del trattamento \u00e8 SCARAMUZZA ALESSIO<\/p>\n<p>L\u2019elenco aggiornato dei responsabili e degli incaricati al trattamento \u00e8 custodito presso la sede del Titolare del trattamento.<\/p>\n<h4>12. Cookie<\/h4>\n<p>Leggi l<a href=\"https:\/\/www.vinimarocchesa.it\/en\/cookie-policy\/\">\u2019Informativa estesa sui Cookie<\/a><\/p>\n<h4>13. Modifiche alla presente Informativa<\/h4>\n<p>La presente Informativa pu\u00f2 subire variazioni. Si consiglia, quindi, di controllare regolarmente questa Informativa e di riferirsi alla versione pi\u00f9 aggiornata.<\/p>","protected":false},"excerpt":{"rendered":"<p>INFORMATIVA PER IL TRATTAMENTO DEI DATI PERSONALI SOCIETA\u2019 AGRICOLA MAROCCHESA SAS DI SCARAMUZZA ALESSIO &amp; C. con sede in via MAROCCHESA 49 MOGLIANO VENETO CF 03936740269 e P.Iva 03936740269 (in seguito, \u201cTitolare\u201d), in qualit\u00e0 di titolare del trattamento, Ti informa ai sensi dell\u2019art. 13 Regolamento UE n. 2016\/679 (in seguito, \u201cGDPR\u201d) che i Tuoi dati saranno trattati con le modalit\u00e0&hellip;<\/p>","protected":false},"author":2,"featured_media":0,"parent":0,"menu_order":0,"comment_status":"closed","ping_status":"open","template":"","meta":{"footnotes":""},"yoast_head":"<!-- This site is optimized with the Yoast SEO plugin v22.6 - https:\/\/yoast.com\/wordpress\/plugins\/seo\/ -->\n<title>Privacy Policy - Vini Marocchesa<\/title>\n<meta name=\"robots\" content=\"index, follow, max-snippet:-1, max-image-preview:large, max-video-preview:-1\" \/>\n<link rel=\"canonical\" href=\"https:\/\/www.vinimarocchesa.it\/en\/privacy-policy\/\" \/>\n<meta property=\"og:locale\" content=\"en_GB\" \/>\n<meta property=\"og:type\" content=\"article\" \/>\n<meta property=\"og:title\" content=\"Privacy Policy - Vini Marocchesa\" \/>\n<meta property=\"og:description\" content=\"INFORMATIVA PER IL TRATTAMENTO DEI DATI PERSONALI SOCIETA\u2019 AGRICOLA MAROCCHESA SAS DI SCARAMUZZA ALESSIO &amp; C. con sede in via MAROCCHESA 49 MOGLIANO VENETO CF 03936740269 e P.Iva 03936740269 (in seguito, \u201cTitolare\u201d), in qualit\u00e0 di titolare del trattamento, Ti informa ai sensi dell\u2019art. 13 Regolamento UE n. 2016\/679 (in seguito, \u201cGDPR\u201d) che i Tuoi dati saranno trattati con le modalit\u00e0&hellip;\" \/>\n<meta property=\"og:url\" content=\"https:\/\/www.vinimarocchesa.it\/en\/privacy-policy\/\" \/>\n<meta property=\"og:site_name\" content=\"Vini Marocchesa\" \/>\n<meta property=\"article:modified_time\" content=\"2019-04-17T11:13:45+00:00\" \/>\n<meta name=\"twitter:card\" content=\"summary_large_image\" \/>\n<meta name=\"twitter:label1\" content=\"Estimated reading time\" \/>\n\t<meta name=\"twitter:data1\" content=\"5 minutes\" \/>\n<script type=\"application\/ld+json\" class=\"yoast-schema-graph\">{\"@context\":\"https:\/\/schema.org\",\"@graph\":[{\"@type\":\"WebPage\",\"@id\":\"https:\/\/www.vinimarocchesa.it\/privacy-policy\/\",\"url\":\"https:\/\/www.vinimarocchesa.it\/privacy-policy\/\",\"name\":\"Privacy Policy - Vini Marocchesa\",\"isPartOf\":{\"@id\":\"https:\/\/www.vinimarocchesa.it\/#website\"},\"datePublished\":\"2019-03-11T12:20:32+00:00\",\"dateModified\":\"2019-04-17T11:13:45+00:00\",\"breadcrumb\":{\"@id\":\"https:\/\/www.vinimarocchesa.it\/privacy-policy\/#breadcrumb\"},\"inLanguage\":\"en-GB\",\"potentialAction\":[{\"@type\":\"ReadAction\",\"target\":[\"https:\/\/www.vinimarocchesa.it\/privacy-policy\/\"]}]},{\"@type\":\"BreadcrumbList\",\"@id\":\"https:\/\/www.vinimarocchesa.it\/privacy-policy\/#breadcrumb\",\"itemListElement\":[{\"@type\":\"ListItem\",\"position\":1,\"name\":\"Home\",\"item\":\"https:\/\/www.vinimarocchesa.it\/\"},{\"@type\":\"ListItem\",\"position\":2,\"name\":\"Privacy Policy\"}]},{\"@type\":\"WebSite\",\"@id\":\"https:\/\/www.vinimarocchesa.it\/#website\",\"url\":\"https:\/\/www.vinimarocchesa.it\/\",\"name\":\"Vini Marocchesa\",\"description\":\"Luxury Wine from Veneto\",\"potentialAction\":[{\"@type\":\"SearchAction\",\"target\":{\"@type\":\"EntryPoint\",\"urlTemplate\":\"https:\/\/www.vinimarocchesa.it\/?s={search_term_string}\"},\"query-input\":\"required name=search_term_string\"}],\"inLanguage\":\"en-GB\"}]}<\/script>\n<!-- \/ Yoast SEO plugin. -->","yoast_head_json":{"title":"Privacy Policy - Vini Marocchesa","robots":{"index":"index","follow":"follow","max-snippet":"max-snippet:-1","max-image-preview":"max-image-preview:large","max-video-preview":"max-video-preview:-1"},"canonical":"https:\/\/www.vinimarocchesa.it\/en\/privacy-policy\/","og_locale":"en_GB","og_type":"article","og_title":"Privacy Policy - Vini Marocchesa","og_description":"INFORMATIVA PER IL TRATTAMENTO DEI DATI PERSONALI SOCIETA\u2019 AGRICOLA MAROCCHESA SAS DI SCARAMUZZA ALESSIO &amp; C. con sede in via MAROCCHESA 49 MOGLIANO VENETO CF 03936740269 e P.Iva 03936740269 (in seguito, \u201cTitolare\u201d), in qualit\u00e0 di titolare del trattamento, Ti informa ai sensi dell\u2019art. 13 Regolamento UE n. 2016\/679 (in seguito, \u201cGDPR\u201d) che i Tuoi dati saranno trattati con le modalit\u00e0&hellip;","og_url":"https:\/\/www.vinimarocchesa.it\/en\/privacy-policy\/","og_site_name":"Vini Marocchesa","article_modified_time":"2019-04-17T11:13:45+00:00","twitter_card":"summary_large_image","twitter_misc":{"Estimated reading time":"5 minutes"},"schema":{"@context":"https:\/\/schema.org","@graph":[{"@type":"WebPage","@id":"https:\/\/www.vinimarocchesa.it\/privacy-policy\/","url":"https:\/\/www.vinimarocchesa.it\/privacy-policy\/","name":"Privacy Policy - Vini Marocchesa","isPartOf":{"@id":"https:\/\/www.vinimarocchesa.it\/#website"},"datePublished":"2019-03-11T12:20:32+00:00","dateModified":"2019-04-17T11:13:45+00:00","breadcrumb":{"@id":"https:\/\/www.vinimarocchesa.it\/privacy-policy\/#breadcrumb"},"inLanguage":"en-GB","potentialAction":[{"@type":"ReadAction","target":["https:\/\/www.vinimarocchesa.it\/privacy-policy\/"]}]},{"@type":"BreadcrumbList","@id":"https:\/\/www.vinimarocchesa.it\/privacy-policy\/#breadcrumb","itemListElement":[{"@type":"ListItem","position":1,"name":"Home","item":"https:\/\/www.vinimarocchesa.it\/"},{"@type":"ListItem","position":2,"name":"Privacy Policy"}]},{"@type":"WebSite","@id":"https:\/\/www.vinimarocchesa.it\/#website","url":"https:\/\/www.vinimarocchesa.it\/","name":"Vini Marocchesa","description":"Luxury Wine from Veneto","potentialAction":[{"@type":"SearchAction","target":{"@type":"EntryPoint","urlTemplate":"https:\/\/www.vinimarocchesa.it\/?s={search_term_string}"},"query-input":"required name=search_term_string"}],"inLanguage":"en-GB"}]}},"_links":{"self":[{"href":"https:\/\/www.vinimarocchesa.it\/en\/wp-json\/wp\/v2\/pages\/3"}],"collection":[{"href":"https:\/\/www.vinimarocchesa.it\/en\/wp-json\/wp\/v2\/pages"}],"about":[{"href":"https:\/\/www.vinimarocchesa.it\/en\/wp-json\/wp\/v2\/types\/page"}],"author":[{"embeddable":true,"href":"https:\/\/www.vinimarocchesa.it\/en\/wp-json\/wp\/v2\/users\/2"}],"replies":[{"embeddable":true,"href":"https:\/\/www.vinimarocchesa.it\/en\/wp-json\/wp\/v2\/comments?post=3"}],"version-history":[{"count":9,"href":"https:\/\/www.vinimarocchesa.it\/en\/wp-json\/wp\/v2\/pages\/3\/revisions"}],"predecessor-version":[{"id":501,"href":"https:\/\/www.vinimarocchesa.it\/en\/wp-json\/wp\/v2\/pages\/3\/revisions\/501"}],"wp:attachment":[{"href":"https:\/\/www.vinimarocchesa.it\/en\/wp-json\/wp\/v2\/media?parent=3"}],"curies":[{"name":"wp","href":"https:\/\/api.w.org\/{rel}","templated":true}]}}